{"id":9,"date":"2019-01-30T10:14:12","date_gmt":"2019-01-30T10:14:12","guid":{"rendered":"https:\/\/airddd.al\/?page_id=9"},"modified":"2024-03-07T10:42:52","modified_gmt":"2024-03-07T10:42:52","slug":"sherbimet-tona","status":"publish","type":"page","link":"https:\/\/airddd.al\/index.php\/sherbimet-tona\/","title":{"rendered":"Sherbimet Tona"},"content":{"rendered":"<div class=\"wpb-content-wrapper\"><p>[vc_row][vc_column width=&#8221;1\/4&#8243;]<div class=\"ult-content-box-container main\" >\t\t<div class=\"ult-content-box\" style=\"box-shadow: px px px px none;-webkit-transition: all 700ms ease;-moz-transition: all 700ms ease;-ms-transition: all 700ms ease;-o-transition: all 700ms ease;transition: all 700ms ease;\"  data-hover_box_shadow=\"none\"    >[vc_single_image image=&#8221;113&#8243; img_size=&#8221;full&#8221; alignment=&#8221;center&#8221; el_class=&#8221;img&#8221; css=&#8221;.vc_custom_1549296606659{padding-top: 10px !important;}&#8221;][vc_custom_heading text=&#8221;Dezinfektim&#8221; font_container=&#8221;tag:h2|font_size:20|text_align:center&#8221; google_fonts=&#8221;font_family:Montserrat%3Aregular%2C700|font_style:400%20regular%3A400%3Anormal&#8221;][vc_column_text]<\/p>\n<div class=\"itemBody\">\n<div class=\"itemFullText\">\n<p style=\"text-align: center;\">Programi i dezinfektimit ka te beje me parandalimin, asgjesimin djhe perhapjen e paraziteve te demshem per shendetin.<\/p>\n<\/div>\n<\/div>\n<p>[\/vc_column_text]\t\t<\/div><\/div>[vc_btn title=&#8221;Me shume&#8221; style=&#8221;custom&#8221; custom_background=&#8221;#52aba0&#8243; custom_text=&#8221;#ffffff&#8221; shape=&#8221;square&#8221; size=&#8221;sm&#8221; align=&#8221;center&#8221; css=&#8221;.vc_custom_1549364163351{margin-top: -20px !important;}&#8221; link=&#8221;url:%2Findex.php%2Fdezinfektim%2F|||&#8221;][\/vc_column][vc_column width=&#8221;1\/4&#8243;]<div class=\"ult-content-box-container main\" >\t\t<div class=\"ult-content-box\" style=\"box-shadow: px px px px none;-webkit-transition: all 700ms ease;-moz-transition: all 700ms ease;-ms-transition: all 700ms ease;-o-transition: all 700ms ease;transition: all 700ms ease;\"  data-hover_box_shadow=\"none\"    >[vc_single_image image=&#8221;114&#8243; img_size=&#8221;full&#8221; alignment=&#8221;center&#8221; el_class=&#8221;img&#8221; css=&#8221;.vc_custom_1549296613522{padding-top: 10px !important;}&#8221;][vc_custom_heading text=&#8221;Dezinsektim&#8221; font_container=&#8221;tag:h2|font_size:20|text_align:center&#8221; google_fonts=&#8221;font_family:Montserrat%3Aregular%2C700|font_style:400%20regular%3A400%3Anormal&#8221;][vc_column_text]<\/p>\n<div class=\"itemBody\">\n<div class=\"itemFullText\">\n<div class=\"itemBody\">\n<div class=\"itemFullText\">\n<div class=\"itemBody\">\n<div class=\"itemFullText\">\n<p style=\"text-align: center;\">Dezinsektimi parandalon perhapjen e insekteve te cilat\u00a0 jane bartese te mikroorganizave patogjene .<\/p>\n<\/div>\n<\/div>\n<\/div>\n<\/div>\n<\/div>\n<\/div>\n<p>[\/vc_column_text]\t\t<\/div><\/div>[vc_btn title=&#8221;Me shume&#8221; style=&#8221;custom&#8221; custom_background=&#8221;#52aba0&#8243; custom_text=&#8221;#ffffff&#8221; shape=&#8221;square&#8221; size=&#8221;sm&#8221; align=&#8221;center&#8221; css=&#8221;.vc_custom_1549364173613{margin-top: -20px !important;}&#8221; link=&#8221;url:%2Findex.php%2Fdezinsektim%2F|||&#8221;][\/vc_column][vc_column width=&#8221;1\/4&#8243;]<div class=\"ult-content-box-container main\" >\t\t<div class=\"ult-content-box\" style=\"box-shadow: px px px px none;-webkit-transition: all 700ms ease;-moz-transition: all 700ms ease;-ms-transition: all 700ms ease;-o-transition: all 700ms ease;transition: all 700ms ease;\"  data-hover_box_shadow=\"none\"    >[vc_single_image image=&#8221;116&#8243; img_size=&#8221;full&#8221; alignment=&#8221;center&#8221; el_class=&#8221;img&#8221; css=&#8221;.vc_custom_1549296620481{padding-top: 10px !important;}&#8221;][vc_custom_heading text=&#8221;Deratizim&#8221; font_container=&#8221;tag:h2|font_size:20|text_align:center&#8221; google_fonts=&#8221;font_family:Montserrat%3Aregular%2C700|font_style:400%20regular%3A400%3Anormal&#8221;][vc_column_text]<\/p>\n<div class=\"itemBody\">\n<div class=\"itemFullText\">\n<div class=\"itemBody\">\n<div class=\"itemFullText\">\n<div class=\"itemBody\">\n<div class=\"itemFullText\">\n<p style=\"text-align: center;\">Deratizimi ka si qellim parandalimin, asgjesimin dhe perhapjen brejtesve<\/p>\n<\/div>\n<\/div>\n<\/div>\n<\/div>\n<\/div>\n<\/div>\n<p>[\/vc_column_text][vc_empty_space height=&#8221;27px&#8221;]\t\t<\/div><\/div>[vc_btn title=&#8221;Me shume&#8221; style=&#8221;custom&#8221; custom_background=&#8221;#52aba0&#8243; custom_text=&#8221;#ffffff&#8221; shape=&#8221;square&#8221; size=&#8221;sm&#8221; align=&#8221;center&#8221; css=&#8221;.vc_custom_1549364183322{margin-top: -20px !important;}&#8221; link=&#8221;url:%2Findex.php%2Fderatizim%2F|||&#8221;][\/vc_column][vc_column width=&#8221;1\/4&#8243;]<div class=\"ult-content-box-container main\" >\t\t<div class=\"ult-content-box\" style=\"box-shadow: px px px px none;-webkit-transition: all 700ms ease;-moz-transition: all 700ms ease;-ms-transition: all 700ms ease;-o-transition: all 700ms ease;transition: all 700ms ease;\"  data-hover_box_shadow=\"none\"    >[vc_single_image image=&#8221;115&#8243; img_size=&#8221;full&#8221; alignment=&#8221;center&#8221; el_class=&#8221;img&#8221; css=&#8221;.vc_custom_1549296626417{padding-top: 10px !important;}&#8221;][vc_custom_heading text=&#8221;Sterilizim&#8221; font_container=&#8221;tag:h2|font_size:20|text_align:center&#8221; google_fonts=&#8221;font_family:Montserrat%3Aregular%2C700|font_style:400%20regular%3A400%3Anormal&#8221;][vc_column_text]<\/p>\n<div class=\"itemBody\">\n<div class=\"itemFullText\">\n<div class=\"itemBody\">\n<div class=\"itemFullText\">\n<div class=\"itemBody\">\n<div class=\"itemFullText\">\n<p style=\"text-align: center;\">Programi i sterilizimit ka te beje me procese qe garantojne ambjente me nivel te kontrolluar mikrobial.<\/p>\n<\/div>\n<\/div>\n<\/div>\n<\/div>\n<\/div>\n<\/div>\n<p>[\/vc_column_text]\t\t<\/div><\/div>[vc_btn title=&#8221;Me shume&#8221; style=&#8221;custom&#8221; custom_background=&#8221;#52aba0&#8243; custom_text=&#8221;#ffffff&#8221; shape=&#8221;square&#8221; size=&#8221;sm&#8221; align=&#8221;center&#8221; css=&#8221;.vc_custom_1549364195637{margin-top: -20px !important;}&#8221; link=&#8221;url:%2Findex.php%2Fsterilizim%2F|||&#8221;][\/vc_column][\/vc_row][vc_row][vc_column width=&#8221;1\/4&#8243;]<div class=\"ult-content-box-container main\" >\t\t<div class=\"ult-content-box\" style=\"box-shadow: px px px px none;-webkit-transition: all 700ms ease;-moz-transition: all 700ms ease;-ms-transition: all 700ms ease;-o-transition: all 700ms ease;transition: all 700ms ease;\"  data-hover_box_shadow=\"none\"    >[vc_single_image image=&#8221;298&#8243; img_size=&#8221;70&#215;70&#8243; alignment=&#8221;center&#8221; el_class=&#8221;img&#8221; css=&#8221;.vc_custom_1709808113574{padding-top: 10px !important;}&#8221;][vc_custom_heading text=&#8221;Sherbime Pastrimi&#8221; font_container=&#8221;tag:h2|font_size:20|text_align:center&#8221; google_fonts=&#8221;font_family:Montserrat%3Aregular%2C700|font_style:400%20regular%3A400%3Anormal&#8221;][vc_column_text]<\/p>\n<p style=\"text-align: center;\">Sh\u00ebrbime pastrimi, te ambienteve t\u00eb brendshme dhe t\u00eb jasht\u00ebme, duke p\u00ebrfshir\u00eb zyra, objekte komerciale, ambiente industriale etj,<\/p>\n<p>[\/vc_column_text]\t\t<\/div><\/div>[vc_btn title=&#8221;Me shume&#8221; style=&#8221;custom&#8221; custom_background=&#8221;#52aba0&#8243; custom_text=&#8221;#ffffff&#8221; shape=&#8221;square&#8221; size=&#8221;sm&#8221; align=&#8221;center&#8221; css=&#8221;.vc_custom_1709808053847{margin-top: -20px !important;}&#8221; link=&#8221;url:%2Findex.php%2Fsherbime-pastrimi%2F&#8221;][\/vc_column][vc_column width=&#8221;1\/4&#8243;][\/vc_column][vc_column width=&#8221;1\/4&#8243;][\/vc_column][vc_column width=&#8221;1\/4&#8243;][\/vc_column][\/vc_row]<\/p>\n<\/div>","protected":false},"excerpt":{"rendered":"<p>[vc_row][vc_column width=&#8221;1\/4&#8243;][vc_btn title=&#8221;Me shume&#8221; style=&#8221;custom&#8221; custom_background=&#8221;#52aba0&#8243; custom_text=&#8221;#ffffff&#8221; shape=&#8221;square&#8221; size=&#8221;sm&#8221; align=&#8221;center&#8221; css=&#8221;.vc_custom_1549364163351{margin-top: -20px !important;}&#8221; link=&#8221;url:%2Findex.php%2Fdezinfektim%2F|||&#8221;][\/vc_column][vc_column width=&#8221;1\/4&#8243;][vc_btn title=&#8221;Me shume&#8221; style=&#8221;custom&#8221; custom_background=&#8221;#52aba0&#8243; custom_text=&#8221;#ffffff&#8221; shape=&#8221;square&#8221; size=&#8221;sm&#8221; align=&#8221;center&#8221; css=&#8221;.vc_custom_1549364173613{margin-top: -20px !important;}&#8221; link=&#8221;url:%2Findex.php%2Fdezinsektim%2F|||&#8221;][\/vc_column][vc_column width=&#8221;1\/4&#8243;][vc_btn title=&#8221;Me shume&#8221; style=&#8221;custom&#8221; custom_background=&#8221;#52aba0&#8243; custom_text=&#8221;#ffffff&#8221; shape=&#8221;square&#8221; size=&#8221;sm&#8221; align=&#8221;center&#8221; css=&#8221;.vc_custom_1549364183322{margin-top: -20px !important;}&#8221; link=&#8221;url:%2Findex.php%2Fderatizim%2F|||&#8221;][\/vc_column][vc_column width=&#8221;1\/4&#8243;][vc_btn title=&#8221;Me shume&#8221; style=&#8221;custom&#8221; custom_background=&#8221;#52aba0&#8243; custom_text=&#8221;#ffffff&#8221; shape=&#8221;square&#8221; size=&#8221;sm&#8221; align=&#8221;center&#8221; css=&#8221;.vc_custom_1549364195637{margin-top: -20px !important;}&#8221; link=&#8221;url:%2Findex.php%2Fsterilizim%2F|||&#8221;][\/vc_column][\/vc_row][vc_row][vc_column width=&#8221;1\/4&#8243;][vc_btn title=&#8221;Me&hellip;<\/p>\n","protected":false},"author":2,"featured_media":0,"parent":0,"menu_order":0,"comment_status":"closed","ping_status":"closed","template":"","meta":{"footnotes":""},"class_list":["post-9","page","type-page","status-publish","hentry","description-off"],"yoast_head":"<!-- This site is optimized with the Yoast SEO plugin v25.1 - https:\/\/yoast.com\/wordpress\/plugins\/seo\/ -->\n<title>Sherbimet Tona - AIR DDD dezinfektim dezinsektim deratizim sterilizim kontroll mjedisi bayer produktet bayer sherbimi ddd, air air ddd<\/title>\n<meta name=\"robots\" content=\"index, follow, max-snippet:-1, max-image-preview:large, max-video-preview:-1\" \/>\n<link rel=\"canonical\" href=\"https:\/\/airddd.al\/index.php\/sherbimet-tona\/\" \/>\n<meta property=\"og:locale\" content=\"en_US\" \/>\n<meta property=\"og:type\" content=\"article\" \/>\n<meta property=\"og:title\" content=\"Sherbimet Tona - AIR DDD dezinfektim dezinsektim deratizim sterilizim kontroll mjedisi bayer produktet bayer sherbimi ddd, air air ddd\" \/>\n<meta property=\"og:description\" content=\"[vc_row][vc_column width=&#8221;1\/4&#8243;][vc_btn title=&#8221;Me shume&#8221; style=&#8221;custom&#8221; custom_background=&#8221;#52aba0&#8243; custom_text=&#8221;#ffffff&#8221; shape=&#8221;square&#8221; size=&#8221;sm&#8221; align=&#8221;center&#8221; css=&#8221;.vc_custom_1549364163351{margin-top: -20px !important;}&#8221; link=&#8221;url:%2Findex.php%2Fdezinfektim%2F|||&#8221;][\/vc_column][vc_column width=&#8221;1\/4&#8243;][vc_btn title=&#8221;Me shume&#8221; style=&#8221;custom&#8221; custom_background=&#8221;#52aba0&#8243; custom_text=&#8221;#ffffff&#8221; shape=&#8221;square&#8221; size=&#8221;sm&#8221; align=&#8221;center&#8221; css=&#8221;.vc_custom_1549364173613{margin-top: -20px !important;}&#8221; link=&#8221;url:%2Findex.php%2Fdezinsektim%2F|||&#8221;][\/vc_column][vc_column width=&#8221;1\/4&#8243;][vc_btn title=&#8221;Me shume&#8221; style=&#8221;custom&#8221; custom_background=&#8221;#52aba0&#8243; custom_text=&#8221;#ffffff&#8221; shape=&#8221;square&#8221; size=&#8221;sm&#8221; align=&#8221;center&#8221; css=&#8221;.vc_custom_1549364183322{margin-top: -20px !important;}&#8221; link=&#8221;url:%2Findex.php%2Fderatizim%2F|||&#8221;][\/vc_column][vc_column width=&#8221;1\/4&#8243;][vc_btn title=&#8221;Me shume&#8221; style=&#8221;custom&#8221; custom_background=&#8221;#52aba0&#8243; custom_text=&#8221;#ffffff&#8221; shape=&#8221;square&#8221; size=&#8221;sm&#8221; align=&#8221;center&#8221; css=&#8221;.vc_custom_1549364195637{margin-top: -20px !important;}&#8221; link=&#8221;url:%2Findex.php%2Fsterilizim%2F|||&#8221;][\/vc_column][\/vc_row][vc_row][vc_column width=&#8221;1\/4&#8243;][vc_btn title=&#8221;Me&hellip;\" \/>\n<meta property=\"og:url\" content=\"https:\/\/airddd.al\/index.php\/sherbimet-tona\/\" \/>\n<meta property=\"og:site_name\" content=\"AIR DDD dezinfektim dezinsektim deratizim sterilizim kontroll mjedisi bayer produktet bayer sherbimi ddd, air air ddd\" \/>\n<meta property=\"article:modified_time\" content=\"2024-03-07T10:42:52+00:00\" \/>\n<meta name=\"twitter:card\" content=\"summary_large_image\" \/>\n<meta name=\"twitter:label1\" content=\"Est. reading time\" \/>\n\t<meta name=\"twitter:data1\" content=\"1 minute\" \/>\n<script type=\"application\/ld+json\" class=\"yoast-schema-graph\">{\"@context\":\"https:\/\/schema.org\",\"@graph\":[{\"@type\":\"WebPage\",\"@id\":\"https:\/\/airddd.al\/index.php\/sherbimet-tona\/\",\"url\":\"https:\/\/airddd.al\/index.php\/sherbimet-tona\/\",\"name\":\"Sherbimet Tona - AIR DDD dezinfektim dezinsektim deratizim sterilizim kontroll mjedisi bayer produktet bayer sherbimi ddd, air air ddd\",\"isPartOf\":{\"@id\":\"https:\/\/airddd.al\/#website\"},\"datePublished\":\"2019-01-30T10:14:12+00:00\",\"dateModified\":\"2024-03-07T10:42:52+00:00\",\"breadcrumb\":{\"@id\":\"https:\/\/airddd.al\/index.php\/sherbimet-tona\/#breadcrumb\"},\"inLanguage\":\"en-US\",\"potentialAction\":[{\"@type\":\"ReadAction\",\"target\":[\"https:\/\/airddd.al\/index.php\/sherbimet-tona\/\"]}]},{\"@type\":\"BreadcrumbList\",\"@id\":\"https:\/\/airddd.al\/index.php\/sherbimet-tona\/#breadcrumb\",\"itemListElement\":[{\"@type\":\"ListItem\",\"position\":1,\"name\":\"Home\",\"item\":\"https:\/\/airddd.al\/\"},{\"@type\":\"ListItem\",\"position\":2,\"name\":\"Sherbimet Tona\"}]},{\"@type\":\"WebSite\",\"@id\":\"https:\/\/airddd.al\/#website\",\"url\":\"https:\/\/airddd.al\/\",\"name\":\"AIR DDD dezinfektim dezinsektim deratizim sterilizim kontroll mjedisi bayer produktet bayer sherbimi ddd, air air ddd\",\"description\":\" sherbime dezinfektimi, dezinfektim ambjenti, dezinfektim shtepie, dezinfektim restoranti, dezinfektim magazinash, dezinfektim zyrash, dezinfektim makinash, Dezinfektim objekti, objektesh\",\"potentialAction\":[{\"@type\":\"SearchAction\",\"target\":{\"@type\":\"EntryPoint\",\"urlTemplate\":\"https:\/\/airddd.al\/?s={search_term_string}\"},\"query-input\":{\"@type\":\"PropertyValueSpecification\",\"valueRequired\":true,\"valueName\":\"search_term_string\"}}],\"inLanguage\":\"en-US\"}]}<\/script>\n<!-- \/ Yoast SEO plugin. -->","yoast_head_json":{"title":"Sherbimet Tona - AIR DDD dezinfektim dezinsektim deratizim sterilizim kontroll mjedisi bayer produktet bayer sherbimi ddd, air air ddd","robots":{"index":"index","follow":"follow","max-snippet":"max-snippet:-1","max-image-preview":"max-image-preview:large","max-video-preview":"max-video-preview:-1"},"canonical":"https:\/\/airddd.al\/index.php\/sherbimet-tona\/","og_locale":"en_US","og_type":"article","og_title":"Sherbimet Tona - AIR DDD dezinfektim dezinsektim deratizim sterilizim kontroll mjedisi bayer produktet bayer sherbimi ddd, air air ddd","og_description":"[vc_row][vc_column width=&#8221;1\/4&#8243;][vc_btn title=&#8221;Me shume&#8221; style=&#8221;custom&#8221; custom_background=&#8221;#52aba0&#8243; custom_text=&#8221;#ffffff&#8221; shape=&#8221;square&#8221; size=&#8221;sm&#8221; align=&#8221;center&#8221; css=&#8221;.vc_custom_1549364163351{margin-top: -20px !important;}&#8221; link=&#8221;url:%2Findex.php%2Fdezinfektim%2F|||&#8221;][\/vc_column][vc_column width=&#8221;1\/4&#8243;][vc_btn title=&#8221;Me shume&#8221; style=&#8221;custom&#8221; custom_background=&#8221;#52aba0&#8243; custom_text=&#8221;#ffffff&#8221; shape=&#8221;square&#8221; size=&#8221;sm&#8221; align=&#8221;center&#8221; css=&#8221;.vc_custom_1549364173613{margin-top: -20px !important;}&#8221; link=&#8221;url:%2Findex.php%2Fdezinsektim%2F|||&#8221;][\/vc_column][vc_column width=&#8221;1\/4&#8243;][vc_btn title=&#8221;Me shume&#8221; style=&#8221;custom&#8221; custom_background=&#8221;#52aba0&#8243; custom_text=&#8221;#ffffff&#8221; shape=&#8221;square&#8221; size=&#8221;sm&#8221; align=&#8221;center&#8221; css=&#8221;.vc_custom_1549364183322{margin-top: -20px !important;}&#8221; link=&#8221;url:%2Findex.php%2Fderatizim%2F|||&#8221;][\/vc_column][vc_column width=&#8221;1\/4&#8243;][vc_btn title=&#8221;Me shume&#8221; style=&#8221;custom&#8221; custom_background=&#8221;#52aba0&#8243; custom_text=&#8221;#ffffff&#8221; shape=&#8221;square&#8221; size=&#8221;sm&#8221; align=&#8221;center&#8221; css=&#8221;.vc_custom_1549364195637{margin-top: -20px !important;}&#8221; link=&#8221;url:%2Findex.php%2Fsterilizim%2F|||&#8221;][\/vc_column][\/vc_row][vc_row][vc_column width=&#8221;1\/4&#8243;][vc_btn title=&#8221;Me&hellip;","og_url":"https:\/\/airddd.al\/index.php\/sherbimet-tona\/","og_site_name":"AIR DDD dezinfektim dezinsektim deratizim sterilizim kontroll mjedisi bayer produktet bayer sherbimi ddd, air air ddd","article_modified_time":"2024-03-07T10:42:52+00:00","twitter_card":"summary_large_image","twitter_misc":{"Est. reading time":"1 minute"},"schema":{"@context":"https:\/\/schema.org","@graph":[{"@type":"WebPage","@id":"https:\/\/airddd.al\/index.php\/sherbimet-tona\/","url":"https:\/\/airddd.al\/index.php\/sherbimet-tona\/","name":"Sherbimet Tona - AIR DDD dezinfektim dezinsektim deratizim sterilizim kontroll mjedisi bayer produktet bayer sherbimi ddd, air air ddd","isPartOf":{"@id":"https:\/\/airddd.al\/#website"},"datePublished":"2019-01-30T10:14:12+00:00","dateModified":"2024-03-07T10:42:52+00:00","breadcrumb":{"@id":"https:\/\/airddd.al\/index.php\/sherbimet-tona\/#breadcrumb"},"inLanguage":"en-US","potentialAction":[{"@type":"ReadAction","target":["https:\/\/airddd.al\/index.php\/sherbimet-tona\/"]}]},{"@type":"BreadcrumbList","@id":"https:\/\/airddd.al\/index.php\/sherbimet-tona\/#breadcrumb","itemListElement":[{"@type":"ListItem","position":1,"name":"Home","item":"https:\/\/airddd.al\/"},{"@type":"ListItem","position":2,"name":"Sherbimet Tona"}]},{"@type":"WebSite","@id":"https:\/\/airddd.al\/#website","url":"https:\/\/airddd.al\/","name":"AIR DDD dezinfektim dezinsektim deratizim sterilizim kontroll mjedisi bayer produktet bayer sherbimi ddd, air air ddd","description":" sherbime dezinfektimi, dezinfektim ambjenti, dezinfektim shtepie, dezinfektim restoranti, dezinfektim magazinash, dezinfektim zyrash, dezinfektim makinash, Dezinfektim objekti, objektesh","potentialAction":[{"@type":"SearchAction","target":{"@type":"EntryPoint","urlTemplate":"https:\/\/airddd.al\/?s={search_term_string}"},"query-input":{"@type":"PropertyValueSpecification","valueRequired":true,"valueName":"search_term_string"}}],"inLanguage":"en-US"}]}},"_links":{"self":[{"href":"https:\/\/airddd.al\/index.php\/wp-json\/wp\/v2\/pages\/9","targetHints":{"allow":["GET"]}}],"collection":[{"href":"https:\/\/airddd.al\/index.php\/wp-json\/wp\/v2\/pages"}],"about":[{"href":"https:\/\/airddd.al\/index.php\/wp-json\/wp\/v2\/types\/page"}],"author":[{"embeddable":true,"href":"https:\/\/airddd.al\/index.php\/wp-json\/wp\/v2\/users\/2"}],"replies":[{"embeddable":true,"href":"https:\/\/airddd.al\/index.php\/wp-json\/wp\/v2\/comments?post=9"}],"version-history":[{"count":7,"href":"https:\/\/airddd.al\/index.php\/wp-json\/wp\/v2\/pages\/9\/revisions"}],"predecessor-version":[{"id":104,"href":"https:\/\/airddd.al\/index.php\/wp-json\/wp\/v2\/pages\/9\/revisions\/104"}],"wp:attachment":[{"href":"https:\/\/airddd.al\/index.php\/wp-json\/wp\/v2\/media?parent=9"}],"curies":[{"name":"wp","href":"https:\/\/api.w.org\/{rel}","templated":true}]}}