{"id":260,"date":"2024-03-07T10:15:11","date_gmt":"2024-03-07T10:15:11","guid":{"rendered":"https:\/\/airddd.al\/?page_id=260"},"modified":"2024-03-07T10:29:27","modified_gmt":"2024-03-07T10:29:27","slug":"sherbime-pastrimi","status":"publish","type":"page","link":"https:\/\/airddd.al\/index.php\/sherbime-pastrimi\/","title":{"rendered":"Sherbime Pastrimi"},"content":{"rendered":"<div class=\"wpb-content-wrapper\"><p>[vc_row][vc_column][vc_single_image image=&#8221;186&#8243; img_size=&#8221;full&#8221; alignment=&#8221;center&#8221;][\/vc_column][\/vc_row][vc_row css=&#8221;.vc_custom_1709806400529{padding-top: 40px !important;}&#8221;][vc_column width=&#8221;1\/2&#8243;][vc_single_image image=&#8221;272&#8243; img_size=&#8221;full&#8221;][\/vc_column][vc_column width=&#8221;1\/2&#8243;]<div class=\"ult-spacer spacer-69f2d41a90d61\" data-id=\"69f2d41a90d61\" data-height=\"70\" data-height-mobile=\"70\" data-height-tab=\"70\" data-height-tab-portrait=\"\" data-height-mobile-landscape=\"\" style=\"clear:both;display:block;\"><\/div>[vc_custom_heading text=&#8221;Sherbime Pastrimi&#8221; use_theme_fonts=&#8221;yes&#8221;][vc_column_text]<\/p>\n<p style=\"font-family: 'Montserrat', serif; font-size: 25px; color: #1c1d1b; text-align: justify;\">Kompania Air DDD ofron sh\u00ebrbime pastrimi, te ambienteve t\u00eb brendshme dhe t\u00eb jasht\u00ebme, duke p\u00ebrfshir\u00eb zyra, objekte komerciale, ambiente industriale etj, me nj\u00eb ekip t\u00eb kualifikuar, pajisje moderne dhe produkte t\u00eb cil\u00ebsis\u00eb t\u00eb lart\u00eb.<\/p>\n<p>[\/vc_column_text][\/vc_column][\/vc_row][vc_row][vc_column][vc_media_grid style=&#8221;pagination&#8221; items_per_page=&#8221;3&#8243; grid_id=&#8221;vc_gid:1709807206729-7ac4f6d2-68d5-2&#8243; include=&#8221;276,277,278,279,280,281,282,283,284&#8243;][\/vc_column][\/vc_row][vc_row][vc_column width=&#8221;1\/3&#8243;][vc_column_text]<video controls=\"controls\" width=\"400\" height=\"450\"><source src=\"\/wp-content\/uploads\/2024\/03\/WhatsApp-Video-2024-03-07-at-11.21.09-AM.mp4\" type=\"video\/mp4\" \/><span data-mce-type=\"bookmark\" style=\"display: inline-block; width: 0px; overflow: hidden; line-height: 0;\" class=\"mce_SELRES_start\">\ufeff<\/span><span data-mce-type=\"bookmark\" style=\"display: inline-block; width: 0px; overflow: hidden; line-height: 0;\" class=\"mce_SELRES_start\">\ufeff<\/span><source src=\"\/wp-content\/uploads\/2024\/03\/WhatsApp-Video-2024-03-07-at-11.21.09-AM.mp4\" type=\"video\/ogg\" \/><span data-mce-type=\"bookmark\" style=\"display: inline-block; width: 0px; overflow: hidden; line-height: 0;\" class=\"mce_SELRES_end\">\ufeff<\/span><span data-mce-type=\"bookmark\" style=\"display: inline-block; width: 0px; overflow: hidden; line-height: 0;\" class=\"mce_SELRES_end\">\ufeff<\/span><br \/>\nYour browser does not support HTML video.<\/video>[\/vc_column_text][\/vc_column][vc_column width=&#8221;1\/3&#8243;][vc_column_text]<video controls=\"controls\" width=\"400\" height=\"450\"><source src=\"\/wp-content\/uploads\/2024\/03\/WhatsApp-Video-2024-03-07-at-11.00.19-AM.mp4\" type=\"video\/mp4\" \/><span data-mce-type=\"bookmark\" style=\"display: inline-block; width: 0px; overflow: hidden; line-height: 0;\" class=\"mce_SELRES_start\">\ufeff<\/span><span data-mce-type=\"bookmark\" style=\"display: inline-block; width: 0px; overflow: hidden; line-height: 0;\" class=\"mce_SELRES_start\">\ufeff<\/span><source src=\"\/wp-content\/uploads\/2024\/03\/WhatsApp-Video-2024-03-07-at-11.00.19-AM.mp4\" type=\"video\/ogg\" \/><span data-mce-type=\"bookmark\" style=\"display: inline-block; width: 0px; overflow: hidden; line-height: 0;\" class=\"mce_SELRES_end\">\ufeff<\/span><span data-mce-type=\"bookmark\" style=\"display: inline-block; width: 0px; overflow: hidden; line-height: 0;\" class=\"mce_SELRES_end\">\ufeff<\/span><br \/>\nYour browser does not support HTML video.<\/video>[\/vc_column_text][\/vc_column][vc_column width=&#8221;1\/3&#8243;][vc_column_text]<video controls=\"controls\" width=\"400\" height=\"450\"><source src=\"\/\/wp-content\/uploads\/2024\/03\/WhatsApp-Video-2024-03-07-at-11.13.37-AM.mp4\" type=\"video\/mp4\" \/><span data-mce-type=\"bookmark\" style=\"display: inline-block; width: 0px; overflow: hidden; line-height: 0;\" class=\"mce_SELRES_start\">\ufeff<\/span><source src=\"\/wp-content\/uploads\/2024\/03\/WhatsApp-Video-2024-03-07-at-11.13.37-AM.mp4\" type=\"video\/ogg\" \/><span data-mce-type=\"bookmark\" style=\"display: inline-block; width: 0px; overflow: hidden; line-height: 0;\" class=\"mce_SELRES_end\">\ufeff<\/span><br \/>\nYour browser does not support HTML video.<\/video>[\/vc_column_text][\/vc_column][\/vc_row]<\/p>\n<\/div>","protected":false},"excerpt":{"rendered":"<p>[vc_row][vc_column][vc_single_image image=&#8221;186&#8243; img_size=&#8221;full&#8221; alignment=&#8221;center&#8221;][\/vc_column][\/vc_row][vc_row css=&#8221;.vc_custom_1709806400529{padding-top: 40px !important;}&#8221;][vc_column width=&#8221;1\/2&#8243;][vc_single_image image=&#8221;272&#8243; img_size=&#8221;full&#8221;][\/vc_column][vc_column width=&#8221;1\/2&#8243;][vc_custom_heading text=&#8221;Sherbime Pastrimi&#8221; use_theme_fonts=&#8221;yes&#8221;][vc_column_text] Kompania Air DDD ofron sh\u00ebrbime pastrimi, te ambienteve t\u00eb brendshme dhe t\u00eb jasht\u00ebme, duke p\u00ebrfshir\u00eb zyra, objekte komerciale, ambiente industriale etj, me nj\u00eb ekip t\u00eb kualifikuar, pajisje moderne dhe produkte t\u00eb cil\u00ebsis\u00eb t\u00eb lart\u00eb. [\/vc_column_text][\/vc_column][\/vc_row][vc_row][vc_column][vc_media_grid style=&#8221;pagination&#8221; items_per_page=&#8221;3&#8243; grid_id=&#8221;vc_gid:1709807206729-7ac4f6d2-68d5-2&#8243; include=&#8221;276,277,278,279,280,281,282,283,284&#8243;][\/vc_column][\/vc_row][vc_row][vc_column width=&#8221;1\/3&#8243;][vc_column_text]\ufeff\ufeff\ufeff\ufeff Your&hellip;<\/p>\n","protected":false},"author":2,"featured_media":0,"parent":0,"menu_order":0,"comment_status":"closed","ping_status":"closed","template":"","meta":{"footnotes":""},"class_list":["post-260","page","type-page","status-publish","hentry","description-off"],"yoast_head":"<!-- This site is optimized with the Yoast SEO plugin v25.1 - https:\/\/yoast.com\/wordpress\/plugins\/seo\/ -->\n<title>Sherbime Pastrimi - AIR DDD dezinfektim dezinsektim deratizim sterilizim kontroll mjedisi bayer produktet bayer sherbimi ddd, air air ddd<\/title>\n<meta name=\"robots\" content=\"index, follow, max-snippet:-1, max-image-preview:large, max-video-preview:-1\" \/>\n<link rel=\"canonical\" href=\"https:\/\/airddd.al\/index.php\/sherbime-pastrimi\/\" \/>\n<meta property=\"og:locale\" content=\"en_US\" \/>\n<meta property=\"og:type\" content=\"article\" \/>\n<meta property=\"og:title\" content=\"Sherbime Pastrimi - AIR DDD dezinfektim dezinsektim deratizim sterilizim kontroll mjedisi bayer produktet bayer sherbimi ddd, air air ddd\" \/>\n<meta property=\"og:description\" content=\"[vc_row][vc_column][vc_single_image image=&#8221;186&#8243; img_size=&#8221;full&#8221; alignment=&#8221;center&#8221;][\/vc_column][\/vc_row][vc_row css=&#8221;.vc_custom_1709806400529{padding-top: 40px !important;}&#8221;][vc_column width=&#8221;1\/2&#8243;][vc_single_image image=&#8221;272&#8243; img_size=&#8221;full&#8221;][\/vc_column][vc_column width=&#8221;1\/2&#8243;][vc_custom_heading text=&#8221;Sherbime Pastrimi&#8221; use_theme_fonts=&#8221;yes&#8221;][vc_column_text] Kompania Air DDD ofron sh\u00ebrbime pastrimi, te ambienteve t\u00eb brendshme dhe t\u00eb jasht\u00ebme, duke p\u00ebrfshir\u00eb zyra, objekte komerciale, ambiente industriale etj, me nj\u00eb ekip t\u00eb kualifikuar, pajisje moderne dhe produkte t\u00eb cil\u00ebsis\u00eb t\u00eb lart\u00eb. [\/vc_column_text][\/vc_column][\/vc_row][vc_row][vc_column][vc_media_grid style=&#8221;pagination&#8221; items_per_page=&#8221;3&#8243; grid_id=&#8221;vc_gid:1709807206729-7ac4f6d2-68d5-2&#8243; include=&#8221;276,277,278,279,280,281,282,283,284&#8243;][\/vc_column][\/vc_row][vc_row][vc_column width=&#8221;1\/3&#8243;][vc_column_text]\ufeff\ufeff\ufeff\ufeff Your&hellip;\" \/>\n<meta property=\"og:url\" content=\"https:\/\/airddd.al\/index.php\/sherbime-pastrimi\/\" \/>\n<meta property=\"og:site_name\" content=\"AIR DDD dezinfektim dezinsektim deratizim sterilizim kontroll mjedisi bayer produktet bayer sherbimi ddd, air air ddd\" \/>\n<meta property=\"article:modified_time\" content=\"2024-03-07T10:29:27+00:00\" \/>\n<meta name=\"twitter:card\" content=\"summary_large_image\" \/>\n<meta name=\"twitter:label1\" content=\"Est. reading time\" \/>\n\t<meta name=\"twitter:data1\" content=\"1 minute\" \/>\n<script type=\"application\/ld+json\" class=\"yoast-schema-graph\">{\"@context\":\"https:\/\/schema.org\",\"@graph\":[{\"@type\":\"WebPage\",\"@id\":\"https:\/\/airddd.al\/index.php\/sherbime-pastrimi\/\",\"url\":\"https:\/\/airddd.al\/index.php\/sherbime-pastrimi\/\",\"name\":\"Sherbime Pastrimi - AIR DDD dezinfektim dezinsektim deratizim sterilizim kontroll mjedisi bayer produktet bayer sherbimi ddd, air air ddd\",\"isPartOf\":{\"@id\":\"https:\/\/airddd.al\/#website\"},\"datePublished\":\"2024-03-07T10:15:11+00:00\",\"dateModified\":\"2024-03-07T10:29:27+00:00\",\"breadcrumb\":{\"@id\":\"https:\/\/airddd.al\/index.php\/sherbime-pastrimi\/#breadcrumb\"},\"inLanguage\":\"en-US\",\"potentialAction\":[{\"@type\":\"ReadAction\",\"target\":[\"https:\/\/airddd.al\/index.php\/sherbime-pastrimi\/\"]}]},{\"@type\":\"BreadcrumbList\",\"@id\":\"https:\/\/airddd.al\/index.php\/sherbime-pastrimi\/#breadcrumb\",\"itemListElement\":[{\"@type\":\"ListItem\",\"position\":1,\"name\":\"Home\",\"item\":\"https:\/\/airddd.al\/\"},{\"@type\":\"ListItem\",\"position\":2,\"name\":\"Sherbime Pastrimi\"}]},{\"@type\":\"WebSite\",\"@id\":\"https:\/\/airddd.al\/#website\",\"url\":\"https:\/\/airddd.al\/\",\"name\":\"AIR DDD dezinfektim dezinsektim deratizim sterilizim kontroll mjedisi bayer produktet bayer sherbimi ddd, air air ddd\",\"description\":\" sherbime dezinfektimi, dezinfektim ambjenti, dezinfektim shtepie, dezinfektim restoranti, dezinfektim magazinash, dezinfektim zyrash, dezinfektim makinash, Dezinfektim objekti, objektesh\",\"potentialAction\":[{\"@type\":\"SearchAction\",\"target\":{\"@type\":\"EntryPoint\",\"urlTemplate\":\"https:\/\/airddd.al\/?s={search_term_string}\"},\"query-input\":{\"@type\":\"PropertyValueSpecification\",\"valueRequired\":true,\"valueName\":\"search_term_string\"}}],\"inLanguage\":\"en-US\"}]}<\/script>\n<!-- \/ Yoast SEO plugin. -->","yoast_head_json":{"title":"Sherbime Pastrimi - AIR DDD dezinfektim dezinsektim deratizim sterilizim kontroll mjedisi bayer produktet bayer sherbimi ddd, air air ddd","robots":{"index":"index","follow":"follow","max-snippet":"max-snippet:-1","max-image-preview":"max-image-preview:large","max-video-preview":"max-video-preview:-1"},"canonical":"https:\/\/airddd.al\/index.php\/sherbime-pastrimi\/","og_locale":"en_US","og_type":"article","og_title":"Sherbime Pastrimi - AIR DDD dezinfektim dezinsektim deratizim sterilizim kontroll mjedisi bayer produktet bayer sherbimi ddd, air air ddd","og_description":"[vc_row][vc_column][vc_single_image image=&#8221;186&#8243; img_size=&#8221;full&#8221; alignment=&#8221;center&#8221;][\/vc_column][\/vc_row][vc_row css=&#8221;.vc_custom_1709806400529{padding-top: 40px !important;}&#8221;][vc_column width=&#8221;1\/2&#8243;][vc_single_image image=&#8221;272&#8243; img_size=&#8221;full&#8221;][\/vc_column][vc_column width=&#8221;1\/2&#8243;][vc_custom_heading text=&#8221;Sherbime Pastrimi&#8221; use_theme_fonts=&#8221;yes&#8221;][vc_column_text] Kompania Air DDD ofron sh\u00ebrbime pastrimi, te ambienteve t\u00eb brendshme dhe t\u00eb jasht\u00ebme, duke p\u00ebrfshir\u00eb zyra, objekte komerciale, ambiente industriale etj, me nj\u00eb ekip t\u00eb kualifikuar, pajisje moderne dhe produkte t\u00eb cil\u00ebsis\u00eb t\u00eb lart\u00eb. [\/vc_column_text][\/vc_column][\/vc_row][vc_row][vc_column][vc_media_grid style=&#8221;pagination&#8221; items_per_page=&#8221;3&#8243; grid_id=&#8221;vc_gid:1709807206729-7ac4f6d2-68d5-2&#8243; include=&#8221;276,277,278,279,280,281,282,283,284&#8243;][\/vc_column][\/vc_row][vc_row][vc_column width=&#8221;1\/3&#8243;][vc_column_text]\ufeff\ufeff\ufeff\ufeff Your&hellip;","og_url":"https:\/\/airddd.al\/index.php\/sherbime-pastrimi\/","og_site_name":"AIR DDD dezinfektim dezinsektim deratizim sterilizim kontroll mjedisi bayer produktet bayer sherbimi ddd, air air ddd","article_modified_time":"2024-03-07T10:29:27+00:00","twitter_card":"summary_large_image","twitter_misc":{"Est. reading time":"1 minute"},"schema":{"@context":"https:\/\/schema.org","@graph":[{"@type":"WebPage","@id":"https:\/\/airddd.al\/index.php\/sherbime-pastrimi\/","url":"https:\/\/airddd.al\/index.php\/sherbime-pastrimi\/","name":"Sherbime Pastrimi - AIR DDD dezinfektim dezinsektim deratizim sterilizim kontroll mjedisi bayer produktet bayer sherbimi ddd, air air ddd","isPartOf":{"@id":"https:\/\/airddd.al\/#website"},"datePublished":"2024-03-07T10:15:11+00:00","dateModified":"2024-03-07T10:29:27+00:00","breadcrumb":{"@id":"https:\/\/airddd.al\/index.php\/sherbime-pastrimi\/#breadcrumb"},"inLanguage":"en-US","potentialAction":[{"@type":"ReadAction","target":["https:\/\/airddd.al\/index.php\/sherbime-pastrimi\/"]}]},{"@type":"BreadcrumbList","@id":"https:\/\/airddd.al\/index.php\/sherbime-pastrimi\/#breadcrumb","itemListElement":[{"@type":"ListItem","position":1,"name":"Home","item":"https:\/\/airddd.al\/"},{"@type":"ListItem","position":2,"name":"Sherbime Pastrimi"}]},{"@type":"WebSite","@id":"https:\/\/airddd.al\/#website","url":"https:\/\/airddd.al\/","name":"AIR DDD dezinfektim dezinsektim deratizim sterilizim kontroll mjedisi bayer produktet bayer sherbimi ddd, air air ddd","description":" sherbime dezinfektimi, dezinfektim ambjenti, dezinfektim shtepie, dezinfektim restoranti, dezinfektim magazinash, dezinfektim zyrash, dezinfektim makinash, Dezinfektim objekti, objektesh","potentialAction":[{"@type":"SearchAction","target":{"@type":"EntryPoint","urlTemplate":"https:\/\/airddd.al\/?s={search_term_string}"},"query-input":{"@type":"PropertyValueSpecification","valueRequired":true,"valueName":"search_term_string"}}],"inLanguage":"en-US"}]}},"_links":{"self":[{"href":"https:\/\/airddd.al\/index.php\/wp-json\/wp\/v2\/pages\/260","targetHints":{"allow":["GET"]}}],"collection":[{"href":"https:\/\/airddd.al\/index.php\/wp-json\/wp\/v2\/pages"}],"about":[{"href":"https:\/\/airddd.al\/index.php\/wp-json\/wp\/v2\/types\/page"}],"author":[{"embeddable":true,"href":"https:\/\/airddd.al\/index.php\/wp-json\/wp\/v2\/users\/2"}],"replies":[{"embeddable":true,"href":"https:\/\/airddd.al\/index.php\/wp-json\/wp\/v2\/comments?post=260"}],"version-history":[{"count":10,"href":"https:\/\/airddd.al\/index.php\/wp-json\/wp\/v2\/pages\/260\/revisions"}],"predecessor-version":[{"id":294,"href":"https:\/\/airddd.al\/index.php\/wp-json\/wp\/v2\/pages\/260\/revisions\/294"}],"wp:attachment":[{"href":"https:\/\/airddd.al\/index.php\/wp-json\/wp\/v2\/media?parent=260"}],"curies":[{"name":"wp","href":"https:\/\/api.w.org\/{rel}","templated":true}]}}